{"id":28653,"date":"2013-01-10T15:56:57","date_gmt":"2013-01-10T14:56:57","guid":{"rendered":"http:\/\/new.activ-provence.com\/a-propos\/"},"modified":"2021-07-06T15:15:15","modified_gmt":"2021-07-06T13:15:15","slug":"about-us","status":"publish","type":"page","link":"https:\/\/www.activ-provence.com\/en\/about-us\/","title":{"rendered":"About us"},"content":{"rendered":"<h2>DMC Activ Provence, a southern France agency<\/h2>\n<p><span style=\"color: #d9d9d9;\">&#8212;<\/span><\/p>\n<p><center><\/center><\/p>\n<p>Activ Provence is an event management agency specialized in organizing Corporate events, for groups between 20 and 500 participants.<\/p>\n<p>The Agency counts 20 years of experience organizing Conventions, Seminars &amp; Board Retreats, Incentive &amp; Team-Building Activities, Gala evening and Multi-Day Tours in the South East of France.<br \/>\nEstablished in Marseille since July 2000, our team benefits from a very good knowledge of the Provence Alps and French Riviera regions.<br \/>\nWith more than 100 events a year, trust a professional &amp; experienced Team!<\/p>\n<p><span style=\"color: #d9d9d9;\">&#8212;<\/span><\/p>\n<h3>We operate throughout the South-East French area:<\/h3>\n<p><em><a title=\"Incentive \u00e0 Avignon et en PACA\" href=\"#\"><a href=\"https:\/\/www.activ-provence.com\/en\/seminaire\/the-french-riviera\/\">The French Riviera<\/a><\/a>, <a title=\"Incentive \u00e0 Marseille et en PACA\" href=\"#\"><a href=\"https:\/\/www.activ-provence.com\/en\/seminaire\/marseille-region\/\">Marseille Region<\/a><\/a>, <a title=\"Incentive \u00e0 Montpellier et en PACA\" href=\"#\"><a href=\"https:\/\/www.activ-provence.com\/en\/seminaire\/the-alps-mountains\/\">The Alps Mountains<\/a><\/a>, <a title=\"Incentive \u00e0 Aix en Provence et en PACA\" href=\"#\"><a href=\"https:\/\/www.activ-provence.com\/en\/seminaire\/the-var-region\/\">The Var Region<\/a><\/a>, <a title=\"S\u00e9minaire \u00e0 Cassis et Bandol : Organisation de s\u00e9minaire \u00e0 Cassis et Bandol\" href=\"#\">Cassis<\/a>, <a href=\"#\">Hy\u00e8res<\/a>, <a title=\"S\u00e9minaire \u00e0 Saint Tropez : Organisation de s\u00e9minaire \u00e0 Saint Tropez\" href=\"#\">Saint-Tropez<\/a>, <a title=\"Incentive \u00e0 Cannes et en PACA\" href=\"#\">Cannes<\/a>, <a title=\"Incentive \u00e0 Nice et en PACA\" href=\"#\">Nice<\/a>, <a title=\"Incentive \u00e0 Monaco et en PACA\" href=\"#\">Monaco<\/a>, <a href=\"#\"> Corse<\/a>, <a title=\"S\u00e9minaire \u00e0 la montagne : Organisation de s\u00e9minaire dans les alpes\" href=\"#\">Alpes<\/a>.<\/em><\/p>\n<p><span style=\"color: #d9d9d9;\">&#8212;<\/span><\/p>\n<p>Our experience allows us to offer a large range of sites &amp; programs for international groups. To read more about our destination, click <a href=\"https:\/\/provence-alpes-cotedazur.com\/en\/\" target=\"_blank\" rel=\"noopener noreferrer\">HERE<\/a><\/p>\n<p><span style=\"color: #d9d9d9;\">&#8212;<\/span><\/p>\n<p><img decoding=\"async\" class=\"aligncenter\" src=\"https:\/\/www.activ-provence.com\/wp\/..\/uploads\/activ-provence-activity-31.jpg\" \/><\/p>\n<p><span style=\"color: #ffffff;\">&#8212;<\/span><\/p>\n<p style=\"text-align: center;\">\n<p><span style=\"color: #ffffff;\">&#8212;<\/span><\/p>\n<h2>An agency with serious references &amp; professional guarantees:<\/h2>\n<p style=\"text-align: center;\">\n<p style=\"text-align: center;\"><span style=\"color: #ffffff;\">&#8212;<\/span><\/p>\n<p style=\"text-align: center;\"><span style=\"font-size: inherit;\"><a href=\"http:\/\/www.atout-france.fr\/adherents-secteur-d-activite\/agence-evenementielle\" target=\"_blank\" rel=\"noopener noreferrer\"><img decoding=\"async\" class=\"alignnone wp-image-34990 size-thumbnail\" src=\"https:\/\/www.activ-provence.com\/wp\/..\/uploads\/logo-atout-france-150x150.jpg\" alt=\"logo-adherent-atout-france\" width=\"150\" height=\"150\" \/><\/a> <\/span><a style=\"font-size: inherit;\" href=\"https:\/\/www.apst.travel\/2015\/05\/28\/trouver-un-expert-en-tourisme-daffaires-et-en-organisation-devenements\/\" target=\"_blank\" rel=\"noopener noreferrer\"><img decoding=\"async\" class=\"alignnone wp-image-34988 size-thumbnail\" src=\"https:\/\/www.activ-provence.com\/wp\/..\/uploads\/logo-apst-2020-150x150.jpg\" alt=\"logo-adherent-apst-2020\" width=\"150\" height=\"150\" \/> <\/a><span style=\"font-size: inherit;\">\u00a0 \u00a0 \u00a0 \u00a0 \u00a0 \u00a0 \u00a0 <\/span><a style=\"font-size: inherit;\" href=\"https:\/\/www.provencecotedazurevents.com\/adherent\/agence-activ-provence\/\" target=\"_blank\" rel=\"noopener noreferrer\"><img decoding=\"async\" class=\"alignnone wp-image-36944 size-thumbnail\" src=\"https:\/\/www.activ-provence.com\/wp\/..\/uploads\/PCAE-1-150x150.png\" alt=\"pce-logo\" width=\"150\" height=\"150\" \/><\/a><\/p>\n<div style=\"float: right;\"><\/div>\n<div><\/div>\n<div><\/div>\n<div><\/div>\n<ul>\n<li>Professional Association of Solidarity of Tourism (APST) Registration.<\/li>\n<li>Atout France and Provence-C\u00f4te d&#8217;Azur Event (PCE) Member<\/li>\n<li>Professional Insurance: GRAS SAVOY<\/li>\n<li>Register of French Travel and Accommodation Operators # IM013110036<\/li>\n<li>Over 400 Corporate Clients<\/li>\n<\/ul>\n<h2><\/h2>\n<p><span style=\"color: #ffffff;\">&#8212;<\/span><\/p>\n<h3>Your Event Manager is the constant and unique referent to make things easy<\/h3>\n<ul>\n<li>He\/she is fully responsible for the quality of services we deliver.<\/li>\n<li>He\/she brings creativity ito the development a concept for each event, advises and \u00a0maintain excellent standards at all time of operations<\/li>\n<li>He\/she manages all contributors to the event.<\/li>\n<li>He\/she supervizes the project from analyse of needs up to realization and follow-up<\/li>\n<li>Our goal is to help our Clients to use Events as tool to improve or enhance communication &amp; efficiency in their Company. Our priority is to place human relationship at the heart of all Corporate event.<\/li>\n<\/ul>\n<div style=\"text-align: center;\"><\/div>\n<h2><\/h2>\n<h2>The Team<\/h2>\n<p><span style=\"color: #d9d9d9;\">&#8212;<\/span><\/p>\n<div id='gallery-1' class='gallery galleryid-28653 gallery-columns-3 gallery-size-medium'><figure class='gallery-item'>\n\t\t\t<div class='gallery-icon landscape'>\n\t\t\t\t<a href='https:\/\/www.activ-provence.com\/wp\/..\/uploads\/reis-portrait-3.jpg'><img loading=\"lazy\" decoding=\"async\" width=\"300\" height=\"300\" src=\"https:\/\/www.activ-provence.com\/wp\/..\/uploads\/reis-portrait-3-300x300.jpg\" class=\"attachment-medium size-medium\" alt=\"regis-portrait-3\" srcset=\"https:\/\/www.activ-provence.com\/wp\/..\/uploads\/reis-portrait-3-300x300.jpg 300w, https:\/\/www.activ-provence.com\/wp\/..\/uploads\/reis-portrait-3-150x150.jpg 150w, https:\/\/www.activ-provence.com\/wp\/..\/uploads\/reis-portrait-3.jpg 500w\" sizes=\"(max-width: 300px) 100vw, 300px\" \/><\/a>\n\t\t\t<\/div><\/figure><figure class='gallery-item'>\n\t\t\t<div class='gallery-icon landscape'>\n\t\t\t\t<a href='https:\/\/www.activ-provence.com\/wp\/..\/uploads\/cecile-portrait-lettrage.jpg'><img loading=\"lazy\" decoding=\"async\" width=\"300\" height=\"300\" src=\"https:\/\/www.activ-provence.com\/wp\/..\/uploads\/cecile-portrait-lettrage-300x300.jpg\" class=\"attachment-medium size-medium\" alt=\"photo-portrait-cecile\" srcset=\"https:\/\/www.activ-provence.com\/wp\/..\/uploads\/cecile-portrait-lettrage-300x300.jpg 300w, https:\/\/www.activ-provence.com\/wp\/..\/uploads\/cecile-portrait-lettrage-150x150.jpg 150w, https:\/\/www.activ-provence.com\/wp\/..\/uploads\/cecile-portrait-lettrage.jpg 500w\" sizes=\"(max-width: 300px) 100vw, 300px\" \/><\/a>\n\t\t\t<\/div><\/figure><figure class='gallery-item'>\n\t\t\t<div class='gallery-icon landscape'>\n\t\t\t\t<a href='https:\/\/www.activ-provence.com\/wp\/..\/uploads\/eric-portrait-2.jpg'><img loading=\"lazy\" decoding=\"async\" width=\"300\" height=\"300\" src=\"https:\/\/www.activ-provence.com\/wp\/..\/uploads\/eric-portrait-2-300x300.jpg\" class=\"attachment-medium size-medium\" alt=\"eric-coquereaux\" srcset=\"https:\/\/www.activ-provence.com\/wp\/..\/uploads\/eric-portrait-2-300x300.jpg 300w, https:\/\/www.activ-provence.com\/wp\/..\/uploads\/eric-portrait-2-150x150.jpg 150w, https:\/\/www.activ-provence.com\/wp\/..\/uploads\/eric-portrait-2.jpg 500w\" sizes=\"(max-width: 300px) 100vw, 300px\" \/><\/a>\n\t\t\t<\/div><\/figure>\n\t\t<\/div>\n\n<p><span style=\"color: #ffffff;\">&#8212;<\/span><\/p>\n<p>For more information about our services, click on the following suggestions:<\/p>\n<ul>\n<li><a href=\"https:\/\/www.activ-provence.com\/en\/seminaire\/local-tour-leader-services\/\">Local Tour-Leader<\/a><\/li>\n<li><a href=\"https:\/\/www.activ-provence.com\/en\/seminaire\/transfer-services\/\">Transfers<\/a><\/li>\n<li><a href=\"https:\/\/www.activ-provence.com\/en\/category_prestation\/incentives\/\">Incentive activities<\/a><\/li>\n<li><a href=\"https:\/\/www.activ-provence.com\/en\/category_prestation\/team-building-en\/\">Team-Building activities<\/a><\/li>\n<li><a href=\"https:\/\/www.activ-provence.com\/en\/prestation\/meeting\/\">Meeting facilities<\/a><\/li>\n<li><a href=\"https:\/\/www.activ-provence.com\/en\/category_prestation\/party\/\">Party entertainments<\/a><\/li>\n<li><a href=\"https:\/\/www.activ-provence.com\/en\/category_seminaire\/our-packages\/\">All-Inclusive packages<\/a><\/li>\n<\/ul>\n<p><center><\/center><\/p>\n<h3>Read our presentation video!<\/h3>\n<p><span style=\"color: #ffffff;\">&#8212;<\/span><\/p>\n<p style=\"text-align: center;\"><iframe src=\"\/\/www.youtube.com\/embed\/Y7C0nyOKRm0\" width=\"400\" height=\"224\" allowfullscreen=\"allowfullscreen\"><\/iframe><\/p>\n<p><span style=\"color: #ffffff;\">&#8212;<\/span><\/p>\n<div style=\"text-align: center;\"><\/div>\n<p><center><\/center><\/p>\n<h2 style=\"margin-top: -20px;\"><\/h2>","protected":false},"excerpt":{"rendered":"<p>DMC Activ Provence, a southern France agency &#8212; Activ Provence is an event management agency specialized in organizing Corporate events, for groups between 20 and&#8230; <br \/> <span class=\"more\">Lire la suite &#8230;<\/span><\/p>","protected":false},"author":2,"featured_media":0,"parent":0,"menu_order":0,"comment_status":"open","ping_status":"open","template":"page-templates\/template-about.php","meta":{"_acf_changed":false,"footnotes":""},"acf":[],"yoast_head":"<!-- This site is optimized with the Yoast SEO plugin v22.9 - https:\/\/yoast.com\/wordpress\/plugins\/seo\/ -->\n<title>French event management agency for corporate groups<\/title>\n<meta name=\"description\" content=\"Presentation of Activ Provence Event &amp; Travel, your Corporate event management agency in Marseille and all the south-est of France\" \/>\n<meta name=\"robots\" content=\"index, follow, max-snippet:-1, max-image-preview:large, max-video-preview:-1\" \/>\n<link rel=\"canonical\" href=\"https:\/\/www.activ-provence.com\/en\/about-us\/\" \/>\n<meta property=\"og:locale\" content=\"en_GB\" \/>\n<meta property=\"og:type\" content=\"article\" \/>\n<meta property=\"og:title\" content=\"French event management agency for corporate groups\" \/>\n<meta property=\"og:description\" content=\"Presentation of Activ Provence Event &amp; Travel, your Corporate event management agency in Marseille and all the south-est of France\" \/>\n<meta property=\"og:url\" content=\"https:\/\/www.activ-provence.com\/en\/about-us\/\" \/>\n<meta property=\"og:site_name\" content=\"Activ Provence\" \/>\n<meta property=\"article:modified_time\" content=\"2021-07-06T13:15:15+00:00\" \/>\n<meta property=\"og:image\" content=\"https:\/\/www.activ-provence.com\/wp\/..\/uploads\/reis-portrait-3-300x300.jpg\" \/>\n<meta name=\"twitter:card\" content=\"summary_large_image\" \/>\n<meta name=\"twitter:label1\" content=\"Estimated reading time\" \/>\n\t<meta name=\"twitter:data1\" content=\"3 minutes\" \/>\n<!-- \/ Yoast SEO plugin. -->","yoast_head_json":{"title":"French event management agency for corporate groups","description":"Presentation of Activ Provence Event & Travel, your Corporate event management agency in Marseille and all the south-est of France","robots":{"index":"index","follow":"follow","max-snippet":"max-snippet:-1","max-image-preview":"max-image-preview:large","max-video-preview":"max-video-preview:-1"},"canonical":"https:\/\/www.activ-provence.com\/en\/about-us\/","og_locale":"en_GB","og_type":"article","og_title":"French event management agency for corporate groups","og_description":"Presentation of Activ Provence Event & Travel, your Corporate event management agency in Marseille and all the south-est of France","og_url":"https:\/\/www.activ-provence.com\/en\/about-us\/","og_site_name":"Activ Provence","article_modified_time":"2021-07-06T13:15:15+00:00","og_image":[{"url":"https:\/\/www.activ-provence.com\/wp\/..\/uploads\/reis-portrait-3-300x300.jpg"}],"twitter_card":"summary_large_image","twitter_misc":{"Estimated reading time":"3 minutes"},"schema":{"@context":"https:\/\/schema.org","@graph":[{"@type":"WebPage","@id":"https:\/\/www.activ-provence.com\/en\/about-us\/","url":"https:\/\/www.activ-provence.com\/en\/about-us\/","name":"French event management agency for corporate groups","isPartOf":{"@id":"https:\/\/www.activ-provence.com\/#website"},"primaryImageOfPage":{"@id":"https:\/\/www.activ-provence.com\/en\/about-us\/#primaryimage"},"image":{"@id":"https:\/\/www.activ-provence.com\/en\/about-us\/#primaryimage"},"thumbnailUrl":"http:\/\/www.activ-provence.com\/wp\/..\/uploads\/activ-provence-activity-31.jpg","datePublished":"2013-01-10T14:56:57+00:00","dateModified":"2021-07-06T13:15:15+00:00","description":"Presentation of Activ Provence Event & Travel, your Corporate event management agency in Marseille and all the south-est of France","inLanguage":"en-GB","potentialAction":[{"@type":"ReadAction","target":["https:\/\/www.activ-provence.com\/en\/about-us\/"]}]},{"@type":"ImageObject","inLanguage":"en-GB","@id":"https:\/\/www.activ-provence.com\/en\/about-us\/#primaryimage","url":"http:\/\/www.activ-provence.com\/wp\/..\/uploads\/activ-provence-activity-31.jpg","contentUrl":"http:\/\/www.activ-provence.com\/wp\/..\/uploads\/activ-provence-activity-31.jpg"},{"@type":"WebSite","@id":"https:\/\/www.activ-provence.com\/#website","url":"https:\/\/www.activ-provence.com\/","name":"Activ Provence","description":"Agence \u00e9v\u00e9nementielle Marseille, Aix, PACA : Team Building, Incentive, et bien plus !","publisher":{"@id":"https:\/\/www.activ-provence.com\/#organization"},"potentialAction":[{"@type":"SearchAction","target":{"@type":"EntryPoint","urlTemplate":"https:\/\/www.activ-provence.com\/?s={search_term_string}"},"query-input":"required name=search_term_string"}],"inLanguage":"en-GB"},{"@type":"Organization","@id":"https:\/\/www.activ-provence.com\/#organization","name":"Activ provence","url":"https:\/\/www.activ-provence.com\/","logo":{"@type":"ImageObject","inLanguage":"en-GB","@id":"https:\/\/www.activ-provence.com\/#\/schema\/logo\/image\/","url":"https:\/\/www.activ-provence.com\/wp\/..\/uploads\/Logo-ACTIVE-PROVENCE-2021-RVB-HD.png","contentUrl":"https:\/\/www.activ-provence.com\/wp\/..\/uploads\/Logo-ACTIVE-PROVENCE-2021-RVB-HD.png","width":1887,"height":784,"caption":"Activ provence"},"image":{"@id":"https:\/\/www.activ-provence.com\/#\/schema\/logo\/image\/"}}]}},"_links":{"self":[{"href":"https:\/\/www.activ-provence.com\/en\/wp-json\/wp\/v2\/pages\/28653"}],"collection":[{"href":"https:\/\/www.activ-provence.com\/en\/wp-json\/wp\/v2\/pages"}],"about":[{"href":"https:\/\/www.activ-provence.com\/en\/wp-json\/wp\/v2\/types\/page"}],"author":[{"embeddable":true,"href":"https:\/\/www.activ-provence.com\/en\/wp-json\/wp\/v2\/users\/2"}],"replies":[{"embeddable":true,"href":"https:\/\/www.activ-provence.com\/en\/wp-json\/wp\/v2\/comments?post=28653"}],"version-history":[{"count":0,"href":"https:\/\/www.activ-provence.com\/en\/wp-json\/wp\/v2\/pages\/28653\/revisions"}],"wp:attachment":[{"href":"https:\/\/www.activ-provence.com\/en\/wp-json\/wp\/v2\/media?parent=28653"}],"curies":[{"name":"wp","href":"https:\/\/api.w.org\/{rel}","templated":true}]}}